{"id":146,"date":"2018-06-04T16:05:39","date_gmt":"2018-06-04T16:05:39","guid":{"rendered":"http:\/\/multipurpose.loc\/hotel\/?page_id=146"},"modified":"2022-07-06T11:15:22","modified_gmt":"2022-07-06T08:15:22","slug":"about","status":"publish","type":"page","link":"https:\/\/www.cagdassuit.com\/site\/about\/","title":{"rendered":"Hakk\u0131m\u0131zda"},"content":{"rendered":"<p>[vc_row][vc_column][vc_column_text]\u00c7a\u011fda\u015f Suit, Kalite ve Konforun Adresi<br \/>\nBursa\u2019n\u0131n tarihi ve k\u00fclt\u00fcrel merkezlerinin kesi\u015fim noktas\u0131nda yer alan, 9 y\u0131ll\u0131k deneyimi ile alan\u0131n\u0131n en iyisi olmaya devam ediyor.<br \/>\nBursa \u015fehir merkezinde yer alan \u00c7a\u011fda\u015f Suit, Uluda\u011f\u2019a 35, Mudanya\/G\u00fczelyal\u0131 feribot iskelesine 20, Yeni\u015fehir Havaalan\u0131&#8217;na 40, Teleferik\u2019e 5 km uzakl\u0131kta; al\u0131\u015fveri\u015f merkezlerine, Atat\u00fcrk Kongre ve K\u00fclt\u00fcr Merkezi\u2019ne ve metro istasyonuna ise y\u00fcr\u00fcy\u00fc\u015f mesafesindedir.<br \/>\nOdalar\u0131m\u0131zda ve tesisimizin t\u00fcm noktalar\u0131nda kablosuz internet hizmeti \u00fccretsiz olup youtube netflix yay\u0131n\u0131 televizyonlar\u0131m\u0131zda mevcuttur.<br \/>\nFirmam\u0131zda kredi kart\u0131 ve banka kart\u0131 ile \u00f6deme yapabilirsiniz.<br \/>\nTelefondan ayr\u0131ca konum istenebilir, detayl\u0131 bilgi i\u00e7in bizleri 7\/24 arayabilirsiniz.<br \/>\n30 g\u00fcn \u00fczeri konaklamalar i\u00e7in telefondan bilgi alabilir, erken rezervasyon yapt\u0131rabilirsiniz.[\/vc_column_text][\/vc_column][\/vc_row]<\/p>\n","protected":false},"excerpt":{"rendered":"<p>[vc_row][vc_column][vc_column_text]\u00c7a\u011fda\u015f Suit, Kalite ve Konforun Adresi Bursa\u2019n\u0131n tarihi ve k\u00fclt\u00fcrel merkezlerinin kesi\u015fim noktas\u0131nda yer alan, 9 y\u0131ll\u0131k deneyimi ile alan\u0131n\u0131n en iyisi olmaya devam ediyor. Bursa \u015fehir merkezinde yer alan \u00c7a\u011fda\u015f Suit, Uluda\u011f\u2019a 35, Mudanya\/G\u00fczelyal\u0131 feribot iskelesine 20, Yeni\u015fehir Havaalan\u0131&#8217;na 40, Teleferik\u2019e 5 km uzakl\u0131kta; al\u0131\u015fveri\u015f merkezlerine, Atat\u00fcrk Kongre ve K\u00fclt\u00fcr Merkezi\u2019ne ve metro istasyonuna [&hellip;]<\/p>\n","protected":false},"author":1,"featured_media":0,"parent":0,"menu_order":0,"comment_status":"closed","ping_status":"closed","template":"","meta":[],"_links":{"self":[{"href":"https:\/\/www.cagdassuit.com\/site\/wp-json\/wp\/v2\/pages\/146"}],"collection":[{"href":"https:\/\/www.cagdassuit.com\/site\/wp-json\/wp\/v2\/pages"}],"about":[{"href":"https:\/\/www.cagdassuit.com\/site\/wp-json\/wp\/v2\/types\/page"}],"author":[{"embeddable":true,"href":"https:\/\/www.cagdassuit.com\/site\/wp-json\/wp\/v2\/users\/1"}],"replies":[{"embeddable":true,"href":"https:\/\/www.cagdassuit.com\/site\/wp-json\/wp\/v2\/comments?post=146"}],"version-history":[{"count":3,"href":"https:\/\/www.cagdassuit.com\/site\/wp-json\/wp\/v2\/pages\/146\/revisions"}],"predecessor-version":[{"id":1409,"href":"https:\/\/www.cagdassuit.com\/site\/wp-json\/wp\/v2\/pages\/146\/revisions\/1409"}],"wp:attachment":[{"href":"https:\/\/www.cagdassuit.com\/site\/wp-json\/wp\/v2\/media?parent=146"}],"curies":[{"name":"wp","href":"https:\/\/api.w.org\/{rel}","templated":true}]}}